{"id":37,"date":"2023-10-10T12:30:39","date_gmt":"2023-10-10T12:30:39","guid":{"rendered":"https:\/\/engel-koenig.de\/?page_id=37"},"modified":"2023-10-15T13:28:39","modified_gmt":"2023-10-15T13:28:39","slug":"datenschutzerklaerung","status":"publish","type":"page","link":"https:\/\/engel-koenig.de\/?page_id=37","title":{"rendered":"Datenschutzerkl\u00e4rung"},"content":{"rendered":"\n<h2 class=\"wp-block-heading\">Datenschutzerkl\u00e4rung<\/h2>\n\n\n\n<p><br>1) Einleitung und Kontaktdaten des Verantwortlichen<br>1.1 Wir freuen uns, dass Sie unsere Website besuchen und bedanken uns f\u00fcr Ihr<br>Interesse. Im Folgenden informieren wir Sie \u00fcber den Umgang mit Ihren<br>personenbezogenen Daten bei der Nutzung unserer Website. Personenbezogene Daten<br>sind hierbei alle Daten, mit denen Sie pers\u00f6nlich identifiziert werden k\u00f6nnen.<br>1.2 Verantwortlicher f\u00fcr die Datenverarbeitung auf dieser Website im Sinne der<br>Datenschutz-Grundverordnung (DSGVO) ist <\/p>\n\n\n\n<p>Prof. Dr. phil. Christa K\u00f6nig<br>Nonnenwerthstr. 48<br>50937 K\u00f6ln<br>Deutschland<\/p>\n\n\n\n<p>Fon 0221 \u2013 430 82 724<br>Fax 0221 \u2013 43 56 94<br>&#x6d;&#x61;&#x69;&#x6c;&#64;&#101;&#110;ge&#x6c;&#x2d;&#x6b;&#x6f;&#x65;&#110;&#105;&#103;&#46;d&#x65;<\/p>\n\n\n\n<p>Der f\u00fcr die Verarbeitung von personenbezogenen Daten Verantwortliche ist diejenige<br>nat\u00fcrliche oder juristische Person, die allein oder gemeinsam mit anderen \u00fcber die<br>Zwecke und Mittel der Verarbeitung von personenbezogenen Daten entscheidet.<\/p>\n\n\n\n<p><br>2) Datenerfassung beim Besuch unserer Website<br>2.1 Bei der blo\u00df informatorischen Nutzung unserer Website, also wenn Sie sich nicht<br>registrieren oder uns anderweitig Informationen \u00fcbermitteln, erheben wir nur solche<br>Daten, die Ihr Browser an den Seitenserver \u00fcbermittelt (sog. \u201eServer-Logfiles\u201c). Wenn<br>Sie unsere Website aufrufen, erheben wir die folgenden Daten, die f\u00fcr uns technisch<br>erforderlich sind, um Ihnen die Website anzuzeigen:<\/p>\n\n\n\n<p>Unsere besuchte Website<\/p>\n\n\n\n<p>Datum und Uhrzeit zum Zeitpunkt des Zugriffes<\/p>\n\n\n\n<p>Menge der gesendeten Daten in Byte<\/p>\n\n\n\n<p>Quelle\/Verweis, von welchem Sie auf die Seite gelangten<\/p>\n\n\n\n<p>Verwendeter Browser<\/p>\n\n\n\n<p>Verwendetes Betriebssystem<\/p>\n\n\n\n<p>Verwendete IP-Adresse (ggf.: in anonymisierter Form)<\/p>\n\n\n\n<p><br>Die Verarbeitung erfolgt gem\u00e4\u00df Art. 6 Abs. 1 lit. f DSGVO auf Basis unseres berechtigten<br>Interesses an der Verbesserung der Stabilit\u00e4t und Funktionalit\u00e4t unserer Website. Eine<br>Weitergabe oder anderweitige Verwendung der Daten findet nicht statt. Wir behalten<br>uns allerdings vor, die Server-Logfiles nachtr\u00e4glich zu \u00fcberpr\u00fcfen, sollten konkrete<br>Anhaltspunkte auf eine rechtswidrige Nutzung hinweisen.<br>2.2 Diese Website nutzt aus Sicherheitsgr\u00fcnden und zum Schutz der \u00dcbertragung<br>personenbezogener Daten und anderer vertraulicher Inhalte (z.B. Bestellungen oder<br>Anfragen an den Verantwortlichen) eine SSL-bzw. TLS-Verschl\u00fcsselung. Sie k\u00f6nnen eine<br>verschl\u00fcsselte Verbindung an der Zeichenfolge \u201ehttps:\/\/\u201c und dem Schloss-Symbol in<br>Ihrer Browserzeile erkennen.<br><br>3) Kontaktaufnahme<br>Im Rahmen der Kontaktaufnahme mit uns (z.B. per Kontaktformular oder E-Mail) werden<br>\u2013 ausschlie\u00dflich zum Zweck der Bearbeitung und Beantwortung Ihres Anliegens und nur<br>im daf\u00fcr erforderlichen Umfang \u2013 personenbezogene Daten verarbeitet.<br>Rechtsgrundlage f\u00fcr die Verarbeitung dieser Daten ist unser berechtigtes Interesse an<br>der Beantwortung Ihres Anliegens gem\u00e4\u00df Art. 6 Abs. 1 lit. f DSGVO. Zielt Ihre<br>Kontaktierung auf einen Vertrag ab, so ist zus\u00e4tzliche Rechtsgrundlage f\u00fcr die<br>Verarbeitung Art. 6 Abs. 1 lit. b DSGVO. Ihre Daten werden gel\u00f6scht, wenn sich aus den<br>Umst\u00e4nden entnehmen l\u00e4sst, dass der betroffene Sachverhalt abschlie\u00dfend gekl\u00e4rt ist<br>und sofern keine gesetzlichen Aufbewahrungspflichten entgegenstehen.<\/p>\n\n\n\n<p><br>4) Datenverarbeitung zur Bestellabwicklung<br>Soweit f\u00fcr die Vertragsabwicklung zu Liefer- und Zahlungszwecken erforderlich, werden<br>die von uns erhobenen personenbezogenen Daten gem\u00e4\u00df Art. 6 Abs. 1 lit. b DSGVO an<br>das beauftragte Transportunternehmen und das beauftragte Kreditinstitut<br>weitergegeben.<br>Sofern wir Ihnen auf Grundlage eines entsprechenden Vertrages Aktualisierungen f\u00fcr<br>Waren mit digitalen Elementen oder f\u00fcr digitale Produkte schulden, verarbeiten wir die<br>von Ihnen bei der Bestellung \u00fcbermittelten Kontaktdaten (Name, Anschrift, Mailadresse),<br>um Sie im Rahmen unserer gesetzlichen Informationspflichten gem\u00e4\u00df Art. 6 Abs. 1 lit. c<br>DSGVO auf geeignetem Kommunikationsweg (etwa postalisch oder per Mail) \u00fcber<br>anstehende Aktualisierungen im gesetzlich vorgesehenen Zeitraum pers\u00f6nlich zu<br>informieren. Ihre Kontaktdaten werden hierbei streng zweckgebunden f\u00fcr Mitteilungen<br>\u00fcber von uns geschuldete Aktualisierungen verwendet und zu diesem Zweck durch uns<br>nur insoweit verarbeitet, wie dies f\u00fcr die jeweilige Information erforderlich ist.<br>Zur Abwicklung Ihrer Bestellung arbeiten wir ferner mit dem \/ den nachstehenden<br>Dienstleister(n) zusammen, die uns ganz oder teilweise bei der Durchf\u00fchrung<br>geschlossener Vertr\u00e4ge unterst\u00fctzen. An diese Dienstleister werden nach Ma\u00dfgabe der<br>folgenden Informationen gewisse personenbezogene Daten \u00fcbermittelt.<\/p>\n\n\n\n<p><br>5) Seitenfunktionalit\u00e4ten<br>Google Web Fonts<br>Diese Seite nutzt zur einheitlichen Darstellung von Schriftarten sogenannte Web Fonts<br>des folgenden Anbieters: Google Ireland Limited, Gordon House, 4 Barrow St, Dublin,<br>D04 E5W5, Irland<br>Beim Aufruf einer Seite l\u00e4dt Ihr Browser die ben\u00f6tigten Web Fonts in ihren<br>Browser-Cache, um Texte und Schriftarten korrekt anzuzeigen und stellt eine direkte<br>Verbindung zu den Servern des Anbieters her. Hierbei werden bestimmte<br>Browserinformationen, einschlie\u00dflich Ihrer IP-Adresse, an den Anbieter \u00fcbermittelt.<br>Daten k\u00f6nnen zudem \u00fcbermittelt werden an: Google LLC, USA<br><br>Die Verarbeitung von personenbezogenen Daten im Zuge der Verbindungsaufnahme mit<br>dem Anbieter der Schriftarten wird nur dann vollzogen, wenn Sie uns gem\u00e4\u00df Art. 6 Abs.<br>1 lit. a DSGVO dazu Ihre ausdr\u00fcckliche Einwilligung erteilt haben. Sie k\u00f6nnen Ihre<br>erteilte Einwilligung jederzeit mit Wirkung f\u00fcr die Zukunft widerrufen, indem Sie diesen<br>Dienst \u00fcber das auf der Webseite bereitgestellte \u201eCookie-Consent-Tool\u201c deaktivieren.<br>Falls Ihr Browser keine Web Fonts unterst\u00fctzt, wird eine Standardschrift von Ihrem<br>Computer genutzt.<br>F\u00fcr Daten\u00fcbermittlungen in die USA hat sich der Anbieter dem<br>EU-US-Datenschutzrahmen (EU-US Data Privacy Framework) angeschlossen, das auf<br>Basis eines Angemessenheitsbeschlusses der Europ\u00e4ischen Kommission die Einhaltung<br>des europ\u00e4ischen Datenschutzniveaus sicherstellt.<\/p>\n\n\n\n<p><br>6) Rechte des Betroffenen<br>6.1 Das geltende Datenschutzrecht gew\u00e4hrt Ihnen gegen\u00fcber dem Verantwortlichen<br>hinsichtlich der Verarbeitung Ihrer personenbezogenen Daten die nachstehenden<br>Betroffenenrechte (Auskunfts- und Interventionsrechte), wobei f\u00fcr die jeweiligen<br>Aus\u00fcbungsvoraussetzungen auf die angef\u00fchrte Rechtsgrundlage verwiesen wird:<\/p>\n\n\n\n<p>Auskunftsrecht gem\u00e4\u00df Art. 15 DSGVO;<\/p>\n\n\n\n<p>Recht auf Berichtigung gem\u00e4\u00df Art. 16 DSGVO;<\/p>\n\n\n\n<p>Recht auf L\u00f6schung gem\u00e4\u00df Art. 17 DSGVO;<\/p>\n\n\n\n<p>Recht auf Einschr\u00e4nkung der Verarbeitung gem\u00e4\u00df Art. 18 DSGVO;<\/p>\n\n\n\n<p>Recht auf Unterrichtung gem\u00e4\u00df Art. 19 DSGVO;<\/p>\n\n\n\n<p>Recht auf Daten\u00fcbertragbarkeit gem\u00e4\u00df Art. 20 DSGVO;<\/p>\n\n\n\n<p>Recht auf Widerruf erteilter Einwilligungen gem\u00e4\u00df Art. 7 Abs. 3 DSGVO;<\/p>\n\n\n\n<p>Recht auf Beschwerde gem\u00e4\u00df Art. 77 DSGVO.<\/p>\n\n\n\n<p><br>6.2 WIDERSPRUCHSRECHT<br>WENN WIR IM RAHMEN EINER INTERESSENABW\u00c4GUNG IHRE PERSONENBEZOGENEN<br>DATEN AUFGRUND UNSERES \u00dcBERWIEGENDEN BERECHTIGTEN INTERESSES<br>VERARBEITEN, HABEN SIE DAS JEDERZEITIGE RECHT, AUS GR\u00dcNDEN, DIE SICH AUS<br>IHRER BESONDEREN SITUATION ERGEBEN, GEGEN DIESE VERARBEITUNG WIDERSPRUCH<br>MIT WIRKUNG F\u00dcR DIE ZUKUNFT EINZULEGEN.<br>MACHEN SIE VON IHREM WIDERSPRUCHSRECHT GEBRAUCH, BEENDEN WIR DIE<br>VERARBEITUNG DER BETROFFENEN DATEN. EINE WEITERVERARBEITUNG BLEIBT ABER<br>VORBEHALTEN, WENN WIR ZWINGENDE SCHUTZW\u00dcRDIGE GR\u00dcNDE F\u00dcR DIE<br>VERARBEITUNG NACHWEISEN K\u00d6NNEN, DIE IHRE INTERESSEN, GRUNDRECHTE UND<br>GRUNDFREIHEITEN \u00dcBERWIEGEN, ODER WENN DIE VERARBEITUNG DER<br>GELTENDMACHUNG, AUS\u00dcBUNG ODER VERTEIDIGUNG VON RECHTSANSPR\u00dcCHEN<br>DIENT.<br>WERDEN IHRE PERSONENBEZOGENEN DATEN VON UNS VERARBEITET, UM<br>DIREKTWERBUNG ZU BETREIBEN, HABEN SIE DAS RECHT, JEDERZEIT WIDERSPRUCH<br><br>GEGEN DIE VERARBEITUNG SIE BETREFFENDER PERSONENBEZOGENER DATEN ZUM<br>ZWECKE DERARTIGER WERBUNG EINZULEGEN. SIE K\u00d6NNEN DEN WIDERSPRUCH WIE<br>OBEN BESCHRIEBEN AUS\u00dcBEN.<br>MACHEN SIE VON IHREM WIDERSPRUCHSRECHT GEBRAUCH, BEENDEN WIR DIE<br>VERARBEITUNG DER BETROFFENEN DATEN ZU DIREKTWERBEZWECKEN.<\/p>\n\n\n\n<p><br>7) Dauer der Speicherung personenbezogener Daten<br>Die Dauer der Speicherung von personenbezogenen Daten bemisst sich anhand der<br>jeweiligen Rechtsgrundlage, am Verarbeitungszweck und \u2013 sofern einschl\u00e4gig \u2013<br>zus\u00e4tzlich anhand der jeweiligen gesetzlichen Aufbewahrungsfrist (z.B. handels- und<br>steuerrechtliche Aufbewahrungsfristen).<br>Bei der Verarbeitung von personenbezogenen Daten auf Grundlage einer ausdr\u00fccklichen<br>Einwilligung gem\u00e4\u00df Art. 6 Abs. 1 lit. a DSGVO werden die betroffenen Daten so lange<br>gespeichert, bis Sie Ihre Einwilligung widerrufen.<br>Existieren gesetzliche Aufbewahrungsfristen f\u00fcr Daten, die im Rahmen<br>rechtsgesch\u00e4ftlicher bzw. rechtsgesch\u00e4fts\u00e4hnlicher Verpflichtungen auf der Grundlage<br>von Art. 6 Abs. 1 lit. b DSGVO verarbeitet werden, werden diese Daten nach Ablauf der<br>Aufbewahrungsfristen routinem\u00e4\u00dfig gel\u00f6scht, sofern sie nicht mehr zur<br>Vertragserf\u00fcllung oder Vertragsanbahnung erforderlich sind und\/oder unsererseits kein<br>berechtigtes Interesse an der Weiterspeicherung fortbesteht.<br>Bei der Verarbeitung von personenbezogenen Daten auf Grundlage von Art. 6 Abs. 1 lit.<br>f DSGVO werden diese Daten so lange gespeichert, bis Sie Ihr Widerspruchsrecht nach<br>Art. 21 Abs. 1 DSGVO aus\u00fcben, es sei denn, wir k\u00f6nnen zwingende schutzw\u00fcrdige<br>Gr\u00fcnde f\u00fcr die Verarbeitung nachweisen, die Ihre Interessen, Rechte und Freiheiten<br>\u00fcberwiegen, oder die Verarbeitung dient der Geltendmachung, Aus\u00fcbung oder<br>Verteidigung von Rechtsanspr\u00fcchen.<br>Bei der Verarbeitung von personenbezogenen Daten zum Zwecke der Direktwerbung auf<br>Grundlage von Art. 6 Abs. 1 lit. f DSGVO werden diese Daten so lange gespeichert, bis<br>Sie Ihr Widerspruchsrecht nach Art. 21 Abs. 2 DSGVO aus\u00fcben.<br>Sofern sich aus den sonstigen Informationen dieser Erkl\u00e4rung \u00fcber spezifische<br>Verarbeitungssituationen nichts anderes ergibt, werden gespeicherte personenbezogene<br>Daten im \u00dcbrigen dann gel\u00f6scht, wenn sie f\u00fcr die Zwecke, f\u00fcr die sie erhoben oder auf<br>sonstige Weise verarbeitet wurden, nicht mehr notwendig sind.<\/p>\n","protected":false},"excerpt":{"rendered":"<p>Datenschutzerkl\u00e4rung 1) Einleitung und Kontaktdaten des Verantwortlichen1.1 Wir freuen uns, dass Sie unsere Website besuchen und bedanken uns f\u00fcr IhrInteresse. Im Folgenden informieren wir Sie \u00fcber den Umgang mit Ihrenpersonenbezogenen Daten bei der Nutzung unserer Website. Personenbezogene Datensind hierbei alle Daten, mit denen Sie pers\u00f6nlich identifiziert werden k\u00f6nnen.1.2 Verantwortlicher f\u00fcr die Datenverarbeitung auf dieser Website [&hellip;]<\/p>\n","protected":false},"author":1,"featured_media":0,"parent":0,"menu_order":0,"comment_status":"closed","ping_status":"closed","template":"","meta":{"footnotes":""},"_links":{"self":[{"href":"https:\/\/engel-koenig.de\/index.php?rest_route=\/wp\/v2\/pages\/37"}],"collection":[{"href":"https:\/\/engel-koenig.de\/index.php?rest_route=\/wp\/v2\/pages"}],"about":[{"href":"https:\/\/engel-koenig.de\/index.php?rest_route=\/wp\/v2\/types\/page"}],"author":[{"embeddable":true,"href":"https:\/\/engel-koenig.de\/index.php?rest_route=\/wp\/v2\/users\/1"}],"replies":[{"embeddable":true,"href":"https:\/\/engel-koenig.de\/index.php?rest_route=%2Fwp%2Fv2%2Fcomments&post=37"}],"version-history":[{"count":5,"href":"https:\/\/engel-koenig.de\/index.php?rest_route=\/wp\/v2\/pages\/37\/revisions"}],"predecessor-version":[{"id":336,"href":"https:\/\/engel-koenig.de\/index.php?rest_route=\/wp\/v2\/pages\/37\/revisions\/336"}],"wp:attachment":[{"href":"https:\/\/engel-koenig.de\/index.php?rest_route=%2Fwp%2Fv2%2Fmedia&parent=37"}],"curies":[{"name":"wp","href":"https:\/\/api.w.org\/{rel}","templated":true}]}}