{"id":338,"date":"2023-10-21T07:49:30","date_gmt":"2023-10-21T07:49:30","guid":{"rendered":"https:\/\/engel-koenig.de\/?page_id=338"},"modified":"2023-10-21T07:52:46","modified_gmt":"2023-10-21T07:52:46","slug":"mehr","status":"publish","type":"page","link":"https:\/\/engel-koenig.de\/?page_id=338","title":{"rendered":"Mehr"},"content":{"rendered":"\n<h1 class=\"wp-block-heading\">Erl\u00e4uterungen<\/h1>\n\n\n\n<div style=\"height:50px\" aria-hidden=\"true\" class=\"wp-block-spacer\"><\/div>\n\n\n\n<figure class=\"wp-block-pullquote is-style-plain has-secondary-color has-text-color has-poppins-font-family\"><blockquote><p>Wenn ihr\u2019s nicht fu\u0364hlt, ihr werdet\u2019s nicht erjagen<\/p><cite>Johann Wolfgang Goethe, Faust<\/cite><\/blockquote><\/figure>\n\n\n\n<div style=\"height:50px\" aria-hidden=\"true\" class=\"wp-block-spacer\"><\/div>\n\n\n\n<p>Meine Arbeit ist religionsunabh\u00e4ngig. Es geht mir darum, dass Du aus der eigenen Erfahrung insbesondere \u00fcber Dein Herz selbst wieder f\u00fchlst und in der inneren Wahrheit Dir neue Welten erschlie\u00dft.<\/p>\n\n\n\n<p>Ich selbst habe kein Problem damit, von Gott oder Sch\u00f6pfer zu sprechen; je nach dem, was wir erlebt haben, auch karmisch, kann es sein, dass f\u00fcr uns Begriffe wie Gott, Sch\u00f6pfer, Engel, Christusbewusstsein, oder \u00e4hnliches stark vorbelastet sind. Ich arbeite hier mit der reinen Essenz, es geht hier niemals darum, was die Menschen\/Organisationen wie Kirche oder andere daraus gemacht haben. Falls auf meiner Website Termini auftauchen, die Du nicht kennst, \u00f6ffne Dein Herz \u2013 das wei\u00df in der Regel, was damit gemeint ist. Die Arbeit ist eine, die erfahren werden m\u00f6chte.<\/p>\n\n\n\n<p>Eines m\u00f6chte ich betonen:<\/p>\n\n\n\n<p>Es geht ausschlie\u00dflich um Kr\u00e4fte, die komplett an das Licht und die Liebe angebunden sind und zum h\u00f6chsten Wohle aller agieren.<\/p>\n\n\n\n<div style=\"height:30px\" aria-hidden=\"true\" class=\"wp-block-spacer\"><\/div>\n\n\n\n<h2 class=\"wp-block-heading\">Geistige Welt \u2013 was ist das?<\/h2>\n\n\n\n<p>Die Geistige Welt umfasst alle feinenergetisch h\u00f6chstschwingenden Wesen, die uns umgeben zu unserem h\u00f6chsten Wohle agieren.<\/p>\n\n\n\n<p>Geistige Welt \u2013 stell Dir vor, du hast eine wundervolle Gesellschaft um Dich, die Dich total liebt, Dich spannend findet, Dich unterst\u00fctzt und dir hilft, f\u00fcr dich da ist, in der du dich geborgen, sicher, aufgehoben, begleitet f\u00fchlen darfst.<\/p>\n\n\n\n<p>Ich erlebe die Pr\u00e4senz der Engel und der Geistigen Welt wie eine gewaltige Kraft, die uns umgibt, die uns tr\u00e4gt, unterst\u00fctzt, mit uns lacht und in gewaltiger Form enorme Hilfe zur Verf\u00fcgung stellt. Kinder sind oft noch sehr klar in Bezug auf diese Pr\u00e4senz \u2013 im Laufe des Lebens verschlie\u00dfen wir oft hellwahrnehmende Kan\u00e4le in uns. Zu diesen Kan\u00e4len geh\u00f6ren das Hellsehen, das Hellh\u00f6ren, das Hellf\u00fchlen, das Hellwissen, das Hellriechen. Die meisten von uns haben vor allem ein Hellf\u00fchlen und ein Hellwissen.<\/p>\n\n\n\n<p>Theta bezeichnet eine Gehirnwellenfrequenz, die eher niedrigschwingend ist, mit 4 bis 8 Hz. in der die Wandelm\u00f6glichkeit f\u00fcr alle Themen in uns sehr hoch ist.<\/p>\n\n\n\n<p>Ein Wort zu Definitionen\/verwendeten Termini:<\/p>\n\n\n\n<p>Es geht nicht um Definitionen, es geht auch nicht darum, was ich Dir \u00fcber diese Konzepte sage \u2013 es geht darum, dass Du Dich selbst damit verbindest und sie aus Deiner Herzensebene heraus wahrnimmst, f\u00fchlst. Ich unterst\u00fctzte Dich dabei. Alle Energien, mit denen hier gearbeitet wird, sind h\u00f6chstschwingend an die Liebe angebunden, reine Essenz, zum h\u00f6chsten Wohle aller\u2013 auch ich stelle den Raum f\u00fcr Dich in dieser Energie zur Verf\u00fcgung, damit Du neu und mutig f\u00fchlen kannst.<\/p>\n\n\n\n<p>Aus meiner Perspektive sind wir alle Licht und Liebe, die reinen Essenzen zeichnen sich dadurch aus, dass sie vollst\u00e4ndig auf das Prinzip der bedingungslosen Liebe zum h\u00f6chsten Wohle aller ausgerichtet sind.<\/p>\n\n\n\n<div style=\"height:30px\" aria-hidden=\"true\" class=\"wp-block-spacer\"><\/div>\n\n\n\n<h2 class=\"wp-block-heading\">Heilung \u2013 was ist damit gemeint?<\/h2>\n\n\n\n<div style=\"height:50px\" aria-hidden=\"true\" class=\"wp-block-spacer\"><\/div>\n\n\n\n<figure class=\"wp-block-pullquote has-secondary-color has-text-color has-poppins-font-family\"><blockquote><p><em>Alles ist Energie!<\/em><br><em>Gleiche Dich der Frequenz der Realit\u00e4t an, die Du m\u00f6chtest, und Du kreierst diese Realit\u00e4t.<\/em><br><em>Das ist keine Philosophie. Das ist Physik!<\/em><\/p><cite>Albert Einstein<\/cite><\/blockquote><\/figure>\n\n\n\n<div style=\"height:50px\" aria-hidden=\"true\" class=\"wp-block-spacer\"><\/div>\n\n\n\n<p>Ich spreche hier von feinenergetischer Heilung \u2013 alles f\u00e4ngt als Energie an bevor es sich in Materie manifestiert \u2013 alles ist Energie, alles ist Schwingung.<\/p>\n\n\n\n<div style=\"height:30px\" aria-hidden=\"true\" class=\"wp-block-spacer\"><\/div>\n\n\n\n<h2 class=\"wp-block-heading\">Die Sichtbarkeit von Themen ist oft der erste Schritt zur Heilung<\/h2>\n\n\n\n<p>Wie geht Heilung? Heilung hat viel damit zu tun, die Dinge in uns wieder an den richtigen Platz zu stellen, aufzur\u00e4umen, zu reinigen, das entfernen zu lassen, was nicht zu uns geh\u00f6rt, und dies mit uns in erl\u00f6ster Form wieder zu verbinden, was zu uns geh\u00f6rt. \u00dcber Schocks und Traumata k\u00f6nnen Anteile in uns wie verloren gehen, all das l\u00e4sst sich mithilfe der Geistigen Welt, den h\u00f6chstschwingenden Energien auch aus der Sch\u00f6pferquelle wieder in die h\u00f6chste g\u00f6ttliche Ordnung bringen, so wie es im maximalen Ma\u00dfe f\u00fcr Dich jetzt passt.<\/p>\n\n\n\n<p>Meine Arbeit ersetzt keinen Arztbesuch. Es gibt keine Heilversprechen.<\/p>\n\n\n\n<div style=\"height:30px\" aria-hidden=\"true\" class=\"wp-block-spacer\"><\/div>\n\n\n\n<h2 class=\"wp-block-heading\">Ein Wort zur Erde<\/h2>\n\n\n\n<p>Unser Leben auf der Erde ist eigentlich als gro\u00dfes Abenteuer gedacht. Um das Abenteuer genie\u00dfen zu k\u00f6nnen, ist es wichtig, die Spielregeln zu verstehen und die Hilfe anzunehmen, die es gibt. Wenn Du Dich zum Beispiel erst garnicht auf die Erde richtig einl\u00e4sst, sprich: Dein System nicht geerdet ist, ist es sehr schwierig auf der Erde ein Leben zu leben, wo es uns gut geht. Woran merke ich, dass ich nicht wirklich geerdet bin \u2013 das kann sich darin ausdr\u00fccken, dass ich hier alles m\u00fchsam finde, eigentlich gar nicht hier sein will, mich fremd f\u00fchle, keinen guten Zugang zu den Menschen finde, mich wie ein \u201ealien\u201c zu f\u00fchlen. Ich stehe wie neben mir, f\u00fchle mich nur halb, und gerade wenn ich versuche, etwas auf der Erde umzusetzen, gibt es Probleme.<\/p>\n\n\n\n<p>Das w\u00e4re so, als ob Du an einem Spiel teilnimmst, aber gar nicht wirklich mitmachst. Da l\u00e4sst es ich leicht ausmalen, dass dabei kaum ein Traumspiel herauskommen kann.<\/p>\n\n\n\n<div style=\"height:30px\" aria-hidden=\"true\" class=\"wp-block-spacer\"><\/div>\n\n\n\n<h2 class=\"wp-block-heading\">In meiner Arbeit unterst\u00fctze ich Dich, ein Leben in Freiheit zu f\u00fchren<\/h2>\n\n\n\n<p>Wie f\u00fchlt sich Leben in guter Verbindung zu sich selbst an, in der Verbundenheit mit unseren h\u00f6chstschwingendem Begleitteam, gut geerdet und gut angebunden an die h\u00f6chste Quelle allen Seins? Aus meiner Sicht spielerisch, neugierig, freudig, voller Zauber, mit freiem Herzen, beschwingt, mutig, losgel\u00f6st, grenzenlos, frei, beschwingt, voller Freude, angef\u00fcllt mit Geschenken und gleichzeitig immer wieder sehr herausfordernd, auch das geh\u00f6rt dazu \u2013 aber es macht so viel mehr Spa\u00df, das Leben mit all der Hilfe, die f\u00fcr Dich, f\u00fcr jeden da ist, Du in gutem Einklang und guter Verbundenheit mit unserem inneren Team. Gern begleite ich Dich, wo immer Du jetzt auch stehst, voller Liebe, dass Du selbst wieder in diesen ganzheitlichen Zustand gelangst, in aller Versorgung aus Himmel und Erde.<\/p>\n\n\n\n<p>Opfersein, Angstzust\u00e4nde, Trauma \u2013 alles spielerlisch ausprobieren, neugierig, freudig, voller Zauber, mit freiem Herzen, beschwingt, einladen, mutig, losgel\u00f6st, grenzenlos, frei, beschwingt, angef\u00fcllt mit Geschenken,<\/p>\n\n\n\n<p>vertrauensvoll, Du kannst Dich trauen, ich begleite Dich.<\/p>\n\n\n\n<div style=\"height:30px\" aria-hidden=\"true\" class=\"wp-block-spacer\"><\/div>\n\n\n\n<h2 class=\"wp-block-heading\">Fehler machen erlaubt<\/h2>\n\n\n\n<p>Du darfst Fehler machen, Du musst sogar Fehler machen, denn ohne Fehler zu machen k\u00f6nnen wir kaum eine gute Entscheidung treffen. Oft lernen wir gerade daraus, dass wir eine Entscheidung treffen, die uns nicht in die richtige Richtung f\u00fchrt, in welche Richtung wir dann gehen wollen, weil sie zu uns passt. Aus einer h\u00f6heren Perspektive stellen wir fest, dass es eigentlich keine Fehler gibt.<\/p>\n\n\n\n<p><\/p>\n\n\n\n<div style=\"height:30px\" aria-hidden=\"true\" class=\"wp-block-spacer\"><\/div>\n\n\n\n<h2 class=\"wp-block-heading\">Wir sind nicht, was wir erleben<\/h2>\n\n\n\n<p>Oft identifizieren wir uns \u00fcber das, was wir erlebt haben. Wenn das nichts Gutes war, so glauben wir, wir sind nicht gut, wir sind das Opfer, der T\u00e4ter, der Schw\u00e4chling, der Versager, etc. Die R\u00fcckschl\u00fcsse, die wir aus dem ziehen, was wir erlebt haben, kann zu verdrehten Wahrnehmungen f\u00fchren.<\/p>\n\n\n\n<p>Aber wir sind nicht, was wir erlebt haben. Was wir erfahren ist nicht, was wir sind.<\/p>\n\n\n\n<p><\/p>\n\n\n\n<div style=\"height:30px\" aria-hidden=\"true\" class=\"wp-block-spacer\"><\/div>\n\n\n\n<h2 class=\"wp-block-heading\">Was passiert bei meiner Arbeit?<\/h2>\n\n\n\n<p>Wie kann ich Dir meine Arbeit erkl\u00e4ren?<\/p>\n\n\n\n<p>Es ist so, als ob etwas durch mich flie\u00dft, ich gebe den Rahmen \u2013 ich halte den Raum f\u00fcr Dich, voller Liebe, und die Geistige Welt ist schon versammelt, um Dich zu unterst\u00fctzen.<\/p>\n\n\n\n<p>Der Moment ist magisch: Als ich vor vielen Jahren das erste Mal Kontakt hatte mit einem Medium \u2013 ich wandelte wie auf Wolke 7 \u2013 es war, als ob alte Br\u00fcche auf einmal repariert waren, ich konnte mich selbst sp\u00fcren, dort, wo das vorher schwierig war.<\/p>\n\n\n\n<p>Du gehst mit Leichtigkeit auf dem Weg und wirst vielleicht \u00fcberrascht von dem sein, was Dir begegnet.<\/p>\n\n\n\n<p>Jedem Anfang wohnt ein Zauber inne \u2013 trau Dich den ersten Schritt zu tun!<\/p>\n\n\n\n<p>Dieser Schritt liegt oft darin, Hilfe anzunehmen. Du gehst den Weg, das kann Dir keiner abnehmen, Du setzt die Dinge um, und wir alle sind so gesch\u00f6pft, aus meiner Sicht, dass wir in uns alles zur Selbstheilung aktivieren. D.h. wenn es Engp\u00e4sse gibt oder Dinge sich nicht rund anf\u00fchlen, hast Du Dein eigenes Dir zur Verf\u00fcgung stehendes Repertoire gerade ausgesch\u00f6pft, denn sonst h\u00e4tten sich die Themen bereits aufgel\u00f6st (wie viele andere Themen in Dir \u2013 wir lernen und wandeln und pausenlos). Hilfe annehmen bedeutet, wieder die Vielfalt der M\u00f6glichkeiten zu sehen, aus der Geistigen Welt gilt:<\/p>\n\n\n\n<div style=\"height:30px\" aria-hidden=\"true\" class=\"wp-block-spacer\"><\/div>\n\n\n\n<h2 class=\"wp-block-heading\">Es gibt niemals nur EINE M\u00f6glichkeit,<\/h2>\n\n\n\n<p>d.h., wenn Du nur eine M\u00f6glichkeit sehen kannst, dann ist das allein schon eine Beschr\u00e4nkung, die aus einer h\u00f6heren Perspektive nicht stimmt. Wir alle sind oft so verstrickt mit einer Thematik, auch emotional, dass wir an andere L\u00f6sungen und M\u00f6glichkeiten gerade nicht ran kommen.<\/p>\n\n\n\n<p>Stell Dir vor, Du stehst in einem Raum und siehst eine verschlossene T\u00fcr vor Dir. Aus Deiner Perspektive ist klar, ich muss durch diese T\u00fcr, das ist mein Weg. Aber was auch immer an Anstrengungen Du anstellst, diese T\u00fcr will sich nicht \u00f6ffnen lassen. V\u00f6llig ersch\u00f6pft gibst Du auf.<\/p>\n\n\n\n<p>Was Dir dabei entgangen sein mag \u2013 der Raum hat viele T\u00fcren,<\/p>\n\n\n\n<p>die eine T\u00fcr vor Dir mag verschlossen sein, aber daneben links, rechts von Dir, hinter Dir, gibt es ge\u00f6ffnete T\u00fcren. Lichtvolle T\u00fcren d\u00fcrfen beschritten werden und es kann sehr gut sein und ist oft auch so, dass Du dar\u00fcber sehr leicht an das herankommst, was hinter der ersten verschlossenen T\u00fcr gelegen hat. Auf einer energetischen Ebene bedeutet das, wir lassen los, wir \u00f6ffnen uns, wir nehmen die Liebe mit dazu, wir lassen uns f\u00fchren von der Geistigen Welt, unserem h\u00f6heren Selbst, und schauen, was sich dann \u00f6ffnet.<\/p>\n\n\n\n<p>Hei\u00dft das, dass, wenn wir uns auf dem Herzensweg bewegen, alles automatisch immer leicht und nur noch sch\u00f6n sein wird? \u2013<\/p>\n\n\n\n<p>Nein, das Leben bleibt herausfordernd<strong>.<\/strong><\/p>\n\n\n\n<p><\/p>\n\n\n\n<p><\/p>\n\n\n\n<p>Aber wir haben eine andere Art, mit dieser Herausforderung umzugehen. Wir haben Werkzeuge an der Hand, wir lassen uns helfen, wir lassen uns f\u00fchren, wir wissen, dass eine emotional empfundene Situation zun\u00e4chst eine Verbindung mit unseren h\u00f6chstschwingenden M\u00f6glichkeiten braucht, um den n\u00e4chsten Schritt zu tun. Diese Art braucht \u00dcbung. Wir sind hergekommen auf die Erde, weil wir wachsen wollten, dieses Wachstum wird maximal durch Herausforderungen angeregt, d.h. ein herausforderndes Leben <em>kann<\/em> ein Leben sein, in dem sehr sehr viel Wachstum stattfindet. Es liegt daran, wie wir damit umgehen, Eigenverantwortung, was so was bedeutet, dass ich \u00fcberhaupt die Frage zulasse: Was hat die Situation, in der ich gerade stecke, mit mir zu tun \u2013 es geht dabei gar nicht um Schuld\/Schuldzuweisung (&#8222;Schuld&#8220; ist eine Erfindung \u2013 die gibt es auf den h\u00f6heren Ebenen gar nicht). Erst \u00fcber die Eigenverantwortung kann ich neue Wege gehen.<\/p>\n\n\n\n<div style=\"height:30px\" aria-hidden=\"true\" class=\"wp-block-spacer\"><\/div>\n\n\n\n<h2 class=\"wp-block-heading\"><strong>Das, was sich nicht ver\u00e4ndern l\u00e4sst, braucht unsere Annahme \u2013 das ist oft der erste Schritt in den Wandel<\/strong>.<\/h2>\n\n\n\n<p>Unser Gehirn ist so konstruiert, dass ein einmal eingeschlagener Weg ohne Innehalten kaum verlassen werden kann. D.h., manchmal sind wir so auf ein Ziel fokussiert und haben einen Weg, der, einmal eingeschlagen, kaum noch zu korrigieren ist. Die Gesamtheit der unendlichen M\u00f6glichkeiten l\u00e4sst sich nur in der Ruhe im Innehalten wahrnehmen. G\u00f6nn Dir eine Auszeit bei mir, schau hin, und erlaube Dir, in diesem Innehalten mit allen M\u00f6glichkeiten verbunden zu werden, die f\u00fcr Dich jetzt m\u00f6glich sind, zum h\u00f6chsten Wohle aller und zu Deinem h\u00f6chsten Wohle.<\/p>\n\n\n\n<p>Wenn Du Dinge machst, die Du eigentlich nicht machen willst, und kommst da nicht raus, bist wie im Gef\u00e4ngnis, es werden Anforderungen an Dich gestellt, findest keinen Ausweg, wie Du das \u00e4ndern kannst &#8212; gefangen im Hamsterrad.<\/p>\n\n\n\n<p>Im Moment leben wir in einer Zeit von \u201eKarma direkt\u201c<strong>,<\/strong><\/p>\n\n\n\n<p>d.h. wenn wir auf dem Holzweg mit uns sind, dann kriegen wir das postwendend sehr unmittelbar zu sp\u00fcren, k\u00f6rperlich in Form von Krankheiten, psychisch in Form von \u00c4ngsten, oder emotional, es f\u00fchlt sich so an, als wird es nicht rund, als ginge es nicht weiter. Und das, obwohl Du vielleicht gar nichts ge\u00e4ndert hast. Dinge, die noch vor kurzem funktioniert haben, tun das im Moment unter Umst\u00e4nden nicht mehr \u2013 das hat aus meiner Sicht damit zu tun, dass wir alle \u00fcber die Pr\u00e4senz von unendlich viel Licht, in dem wir nichts mehr verstecken k\u00f6nnen, enorm aufgefordert sind, in uns auch auf tieferen Schichten aufzur\u00e4umen, eigentlich ist es der Ansto\u00df der Geistigen Welt \u2013 \u00e4ndere etwas, da passt was nicht! Und so kann es sein, dass, obwohl Du aus Deiner Perspektive gar nichts ver\u00e4ndert hast, die \u00c4ngste, die Blockaden, die Beschr\u00e4nkungen, die Limitierungen zunehmen. Die gute Nachricht ist: Alles kann gewandelt werden, in meiner Begleitung wirst Du wieder freigelegt als das, was Du bist, ein strahlender Diamant, der seine Qualit\u00e4ten kennenlernt und der sich mehr und mehr traut ins Strahlen zu gehen. Eine wundervolle Erfahrung.<\/p>\n\n\n\n<p><\/p>\n","protected":false},"excerpt":{"rendered":"<p>Erl\u00e4uterungen Wenn ihr\u2019s nicht fu\u0364hlt, ihr werdet\u2019s nicht erjagen Johann Wolfgang Goethe, Faust Meine Arbeit ist religionsunabh\u00e4ngig. Es geht mir darum, dass Du aus der eigenen Erfahrung insbesondere \u00fcber Dein Herz selbst wieder f\u00fchlst und in der inneren Wahrheit Dir neue Welten erschlie\u00dft. Ich selbst habe kein Problem damit, von Gott oder Sch\u00f6pfer zu sprechen; [&hellip;]<\/p>\n","protected":false},"author":1,"featured_media":0,"parent":0,"menu_order":0,"comment_status":"closed","ping_status":"closed","template":"","meta":{"footnotes":""},"_links":{"self":[{"href":"https:\/\/engel-koenig.de\/index.php?rest_route=\/wp\/v2\/pages\/338"}],"collection":[{"href":"https:\/\/engel-koenig.de\/index.php?rest_route=\/wp\/v2\/pages"}],"about":[{"href":"https:\/\/engel-koenig.de\/index.php?rest_route=\/wp\/v2\/types\/page"}],"author":[{"embeddable":true,"href":"https:\/\/engel-koenig.de\/index.php?rest_route=\/wp\/v2\/users\/1"}],"replies":[{"embeddable":true,"href":"https:\/\/engel-koenig.de\/index.php?rest_route=%2Fwp%2Fv2%2Fcomments&post=338"}],"version-history":[{"count":3,"href":"https:\/\/engel-koenig.de\/index.php?rest_route=\/wp\/v2\/pages\/338\/revisions"}],"predecessor-version":[{"id":341,"href":"https:\/\/engel-koenig.de\/index.php?rest_route=\/wp\/v2\/pages\/338\/revisions\/341"}],"wp:attachment":[{"href":"https:\/\/engel-koenig.de\/index.php?rest_route=%2Fwp%2Fv2%2Fmedia&parent=338"}],"curies":[{"name":"wp","href":"https:\/\/api.w.org\/{rel}","templated":true}]}}