{"id":25,"date":"2023-10-10T12:30:39","date_gmt":"2023-10-10T12:30:39","guid":{"rendered":"https:\/\/engel-koenig.de\/?page_id=25"},"modified":"2025-01-22T15:58:38","modified_gmt":"2025-01-22T15:58:38","slug":"ausbildungen","status":"publish","type":"page","link":"https:\/\/engel-koenig.de\/?page_id=25","title":{"rendered":"Ausbildungen"},"content":{"rendered":"\n<h1 class=\"wp-block-heading\">Ausbildungen \u2013 Lerne eigenst\u00e4ndig mit der Geistigen Welt zu arbeiten<\/h1>\n\n\n\n<div style=\"height:30px\" aria-hidden=\"true\" class=\"wp-block-spacer\"><\/div>\n\n\n\n<p>Wir alle haben Hellsinne &lt;mehr&gt;, wir alle sind an die h\u00f6chste Quelle &lt;<a href=\"https:\/\/engel-koenig.de\/?page_id=338\">mehr<\/a>&gt; angebunden, wir alle sind g\u00f6ttlich, wir alle sind mit dem Herzen der Erde verbunden \u2013 in meinen Ausbildungen erlernst Du eigenst\u00e4ndig mit der Geistigen Welt &lt;<a href=\"https:\/\/engel-koenig.de\/?page_id=338\">mehr<\/a>&gt; zu kommunizieren und zu arbeiten. Deine medialen Kan\u00e4le werden ge\u00f6ffnet; kommuniziere mit dem H\u00f6chstschwingenden in Dir und in der Geistigen Welt. Lerne Dein geistiges Team kennen, lerne Deinen Geistf\u00fchrer kennen, nimm Kontakt auf zu Deinem Schutzengel, schwelge in der Eigenliebe.<\/p>\n\n\n\n<p>Diese Ausbildungen sind geeignet f\u00fcr jeden, der auf der Erde seine M\u00f6glichkeiten aussch\u00f6pfen m\u00f6chte und endlich F\u00fchrung f\u00fcr sich \u00fcbernehmen m\u00f6chte. Unsere Kan\u00e4le erweitern sich \u00fcber \u00dcbung, \u00dcbung, \u00dcbung \u2013 die Ausbildungen sind auch geeignet f\u00fcr jene, die schon mit der Geistigen Welt arbeiten oder sich damit bereits verbunden f\u00fchlen, und genauso wie f\u00fcr jene, die eine Sehnsucht in sich sp\u00fcren, das endlich f\u00fcr sich auch erleben zu wollen.<\/p>\n\n\n\n<p>Lass Deinen Diamanten, der du bist, strahlen!<\/p>\n\n\n\n<p>Das aktuelle Ausbildungsprogramm findest Du hier:<\/p>\n\n\n\n<div class=\"wp-block-file has-link-color wp-elements-213a7a017dc218963d46e7ab968f5c9c\"><a id=\"wp-block-file--media-6fe7456a-6df1-4ec8-bd86-ee6cd632d7e7\" href=\"https:\/\/engel-koenig.de\/wp-content\/uploads\/2025\/01\/Christa-Koenig-Engel-Lebensberatung-und-Mehr-Grundausbildung-Liebe-ist-der-Weg-2025.pdf\" target=\"_blank\" rel=\"noreferrer noopener\">Christa-Koenig-Engel-Lebensberatung-und-Mehr-Grundausbildung-Liebe-ist-der-Weg-2025<\/a><\/div>\n\n\n\n<div style=\"height:50px\" aria-hidden=\"true\" class=\"wp-block-spacer\"><\/div>\n\n\n\n<p class=\"has-text-align-center has-primary-color has-text-color has-poppins-font-family has-medium-font-size\" style=\"font-style:normal;font-weight:800\">Du hast Interesse, ben\u00f6tigst aber noch eine kostenfreie Beratung?<\/p>\n\n\n\n<div class=\"wp-block-buttons is-content-justification-center is-layout-flex wp-container-1 wp-block-buttons-is-layout-flex\">\n<div class=\"wp-block-button has-custom-width wp-block-button__width-50\"><a class=\"wp-block-button__link has-foreground-color has-primary-background-color has-text-color has-background wp-element-button\" href=\"https:\/\/engel-koenig.de\/?page_id=33\">Nimm Kontakt mit mir auf<\/a><\/div>\n<\/div>\n","protected":false},"excerpt":{"rendered":"<p>Ausbildungen \u2013 Lerne eigenst\u00e4ndig mit der Geistigen Welt zu arbeiten Wir alle haben Hellsinne &lt;mehr&gt;, wir alle sind an die h\u00f6chste Quelle &lt;mehr&gt; angebunden, wir alle sind g\u00f6ttlich, wir alle sind mit dem Herzen der Erde verbunden \u2013 in meinen Ausbildungen erlernst Du eigenst\u00e4ndig mit der Geistigen Welt &lt;mehr&gt; zu kommunizieren und zu arbeiten. Deine [&hellip;]<\/p>\n","protected":false},"author":1,"featured_media":0,"parent":0,"menu_order":0,"comment_status":"closed","ping_status":"closed","template":"","meta":{"footnotes":""},"_links":{"self":[{"href":"https:\/\/engel-koenig.de\/index.php?rest_route=\/wp\/v2\/pages\/25"}],"collection":[{"href":"https:\/\/engel-koenig.de\/index.php?rest_route=\/wp\/v2\/pages"}],"about":[{"href":"https:\/\/engel-koenig.de\/index.php?rest_route=\/wp\/v2\/types\/page"}],"author":[{"embeddable":true,"href":"https:\/\/engel-koenig.de\/index.php?rest_route=\/wp\/v2\/users\/1"}],"replies":[{"embeddable":true,"href":"https:\/\/engel-koenig.de\/index.php?rest_route=%2Fwp%2Fv2%2Fcomments&post=25"}],"version-history":[{"count":9,"href":"https:\/\/engel-koenig.de\/index.php?rest_route=\/wp\/v2\/pages\/25\/revisions"}],"predecessor-version":[{"id":433,"href":"https:\/\/engel-koenig.de\/index.php?rest_route=\/wp\/v2\/pages\/25\/revisions\/433"}],"wp:attachment":[{"href":"https:\/\/engel-koenig.de\/index.php?rest_route=%2Fwp%2Fv2%2Fmedia&parent=25"}],"curies":[{"name":"wp","href":"https:\/\/api.w.org\/{rel}","templated":true}]}}