{"id":23,"date":"2023-10-10T12:30:39","date_gmt":"2023-10-10T12:30:39","guid":{"rendered":"https:\/\/engel-koenig.de\/?page_id=23"},"modified":"2025-04-18T13:51:51","modified_gmt":"2025-04-18T13:51:51","slug":"seminare","status":"publish","type":"page","link":"https:\/\/engel-koenig.de\/?page_id=23","title":{"rendered":"Seminare"},"content":{"rendered":"\n<h1 class=\"wp-block-heading\">Seminare \u2013 Potenzialerweiterung in gef\u00fchrten Meditationen<\/h1>\n\n\n\n<div style=\"height:30px\" aria-hidden=\"true\" class=\"wp-block-spacer\"><\/div>\n\n\n\n<h2 class=\"wp-block-heading\">In Tagesworkshops und Seminaren werden gezielt bestimmte Themen behandelt.<\/h2>\n\n\n\n<p>Meditationen, Tagesworkshops und Seminare mit mehreren Teilnehmern sind nach Absprache m\u00f6glich.<\/p>\n\n\n\n<p>Begegne in einer gef\u00fchrten Meditation der Kraft der Engel, Deiner eigenen Kraft, h\u00f6chstschwingenden Energien, in denen sich in Dir Tore zum h\u00f6chsten Wohle \u00f6ffnen, Beschr\u00e4nkungen gewandelt werden, gef\u00fchlte unendliche M\u00f6glichkeiten Dein Sein bereichern (Vorkenntnisse sind nicht erforderlich). <\/p>\n\n\n\n<p>Die Seminare werden vor Ort, online, oder als Hybridveranstaltungen angeboten. Es gibt immer regelm\u00e4\u00dfige Termine f\u00fcr Aufstellungsarbeit mit der Geistigen Welt \u2013 wo ein Thema Deiner Wahl gestellt wird.<\/p>\n\n\n\n<p>Die aktuellen Seminare findest Du hier:<\/p>\n\n\n\n<div style=\"height:97px\" aria-hidden=\"true\" class=\"wp-block-spacer\"><\/div>\n\n\n\n<h3 class=\"wp-block-heading\">Neujahrsseminar 2025<\/h3>\n\n\n\n<p>Samstag, 11. Januar 2025 <strong>online<\/strong> 10.00 Uhr bis 14.00 Uhr \u20ac110,00<\/p>\n\n\n\n<p><em>oder<\/em><\/p>\n\n\n\n<p>Sonntag, 12. Januar 2025 <strong>pr\u00e4senz<\/strong> 10.00 Uhr bis 14.00 Uhr \u20ac110,00<\/p>\n\n\n\n<p>Babaji \u00f6ffnet zu Beginn des neuen Jahres die Monatstore f\u00fcr das gesamte Jahr 2025. Zu Beginn des Jahres wird im Babajifeuer das Jahr durchlichtet, individuell bekommst Du eine Neujahrsbotschaft und Dein Jahr wird maximal h\u00f6chstschwingend auf Dich eingeschwungen.<\/p>\n\n\n\n<p>Wir werden mit ihm durch jeden einzelnen Monat gehen und alles vorfluten, bereinigen und Dein h\u00f6chstes Potential hineinflie\u00dfen lassen &#8211; incl. einer individuellen Einzelbotschaft f\u00fcr Dich f\u00fcr das Jahr.<\/p>\n\n\n\n<p>Die Einzelbotschaft wird f\u00fcr Dich aufgenommen, so dass Sie Dir im Jahr auch immer wieder Impulse geben darf.<\/p>\n\n\n\n<div style=\"height:97px\" aria-hidden=\"true\" class=\"wp-block-spacer\"><\/div>\n\n\n\n<h3 class=\"wp-block-heading\">Deine Traumfigur<\/h3>\n\n\n\n<p>Samstag, 15. Februar 2025 <strong>online<\/strong> und <strong>pr\u00e4senz<\/strong> 10.00 Uhr bis 14.00 Uhr   \u20ac75,00<\/p>\n\n\n\n<p>Erschaffe Deine Traumfigur. Oft halten uns alte Programme, Glaubenss\u00e4tze auch physisch in einer Form, die uns nicht entspricht. Mithilfe der Geistigen Welt wird aufger\u00e4umt; in Dir entsteht ein Raum, in dem Dein K\u00f6rper wieder die Form annehmen darf, die Dir entspricht \u2013 in der G\u00f6ttlichkeit ist alles von Sch\u00f6nheit und Harmonie durchdrungen. Der Wandel beginnt von innen. <\/p>\n\n\n\n<p>Es geht bei diesem Seminar nicht nur um Deine Figur, sondern eher, um ein gesundes Essverhalten, was Dir entspricht und einen liebevollen Umgang mit Dir.<\/p>\n\n\n\n<div style=\"height:97px\" aria-hidden=\"true\" class=\"wp-block-spacer\"><\/div>\n\n\n\n<h3 class=\"wp-block-heading\">Selbstliebe<\/h3>\n\n\n\n<p>Sonntag, 08. M\u00e4rz 2025 <strong>online<\/strong> und <strong>pr\u00e4senz<\/strong> 10.00 Uhr bis 17.00 Uhr \u20ac105,00<\/p>\n\n\n\n<p>Selbstliebe ist der Schl\u00fcssel f\u00fcr alles und die Basis f\u00fcr alles \u2013 Die Beziehung zu Dir selbst wird \u00fcber die Selbstliebe gest\u00e4rkt. Tauche ein in die Wunder Deiner Selbstliebe und erlaube Dir, Dich neu zu entdecken.<\/p>\n\n\n\n<p>Auch wenn Du dieses Thema schon mehrfach betrachtet hast, es lohnt sich! Unser Herzraum kann Disharmonisches, Unlichtes in Harmonie und Liebe verwandeln \u2013 dazu braucht es eine stabile Beziehung zu Deiner Selbstliebe und einen neuen Blickwinkel auf das, was sich auf den ersten Blick wie verhindernde Strukturen im Au\u00dfen anf\u00fchlen mag. Deine Selbstliebe \u00f6ffnet Tore in eine neue Sicht, voller M\u00f6glichkeiten.<\/p>\n\n\n\n<p>Eine Stunde Mittagspause \u2013 gemeinsames Essen mit mitgebrachten Speisen der Teilnehmer.<\/p>\n\n\n\n<div style=\"height:100px\" aria-hidden=\"true\" class=\"wp-block-spacer\"><\/div>\n\n\n\n<h3 class=\"wp-block-heading\">Aufstellungsarbeit mit der Geistigen Welt<\/h3>\n\n\n\n<p>Samstag, 05. April 2025 <strong>pr\u00e4senz <\/strong>10.00 Uhr bis 17.00 Uhr \u20ac105,00<\/p>\n\n\n\n<p>Ein Thema Deiner Wahl wird mit der Geistigen Welt gestellt und in die G\u00f6ttliche Ordnung gebracht. <\/p>\n\n\n\n<p>Eine Stunde Mittagspause \u2013 gemeinsames Essen mit mitgebrachten Speisen der Teilnehmer.<\/p>\n\n\n\n<div style=\"height:100px\" aria-hidden=\"true\" class=\"wp-block-spacer\"><\/div>\n\n\n\n<h3 class=\"wp-block-heading\">Goldene Zukunft<\/h3>\n\n\n\n<p>Sonntag, 03. Mai 2025 <strong>online<\/strong> und <strong>pr\u00e4senz<\/strong> 10.00 Uhr bis 14.00 Uhr \u20ac75,00<\/p>\n\n\n\n<p>Erschaffe Dir Deine goldene Zukunft; erlaube, dass Deine Vergangenheit so durchlichtet ist, die Zukunft voller Energie, von allen Barrieren und Sorgen befreit wird, so dass f\u00fcr Dich im Lichte der Ewigkeit eine bl\u00fchende Zukunft im Hier und Jetzt entsteht.<\/p>\n\n\n\n<p>Das Konzept der Goldenen Zukunft ist ein wichtiger Energiespender f\u00fcr Dein Hier und Jetzt. Die goldene Zukunft ist durchdrungen von einem gewaltigen Licht, erlaube, dass es Dich im Hier und Jetzt erreicht und Du befreit im Hier und Jetzt in Deine Sch\u00f6pferm\u00f6glichkeiten eintauchst, voller Zuversicht.<\/p>\n\n\n\n<div style=\"height:100px\" aria-hidden=\"true\" class=\"wp-block-spacer\"><\/div>\n\n\n\n<h3 class=\"wp-block-heading\">Zeitlinienwechsel<\/h3>\n\n\n\n<p>Samstag , 14. Juni 2025 <strong>online<\/strong> und <strong>pr\u00e4senz<\/strong> jeweils 10.00 Uhr bis 17.00 Uhr \u20ac105,00<\/p>\n\n\n\n<p>Wir k\u00f6nnen die Zeitlinien wechseln, dadurch erweitert sich unser Horizont und unsere M\u00f6glichkeiten, schwierige Situationen im Hier und Jetzt zu meistern. Lerne dieses Werkzeug f\u00fcr Dich zu nutzen und sei frei!<\/p>\n\n\n\n<p>Eine Stunde Mittagspause \u2013 gemeinsames Essen mit mitgebrachten Speisen der Teilnehmer.<\/p>\n\n\n\n<div style=\"height:100px\" aria-hidden=\"true\" class=\"wp-block-spacer\"><\/div>\n\n\n\n<h3 class=\"wp-block-heading\">Aufstellungsarbeit mit der Geistigen Welt<\/h3>\n\n\n\n<p>Samstag, 01. November 2025 <strong>pr\u00e4senz <\/strong>10.00 Uhr bis 17.00 Uhr \u20ac105,00<\/p>\n\n\n\n<p>Ein Thema Deiner Wahl wird mit der Geistigen Welt gestellt und in die G\u00f6ttliche Ordnung gebracht. <\/p>\n\n\n\n<p>Eine Stunde Mittagspause \u2013 gemeinsames Essen mit mitgebrachten Speisen der Teilnehmer.<\/p>\n\n\n\n<div style=\"height:100px\" aria-hidden=\"true\" class=\"wp-block-spacer\"><\/div>\n\n\n\n<h3 class=\"wp-block-heading\">Platz f\u00fcr Neues&nbsp; &#8211; Christus im Adventssegen<\/h3>\n\n\n\n<p>Sonntag, 30. November 2025 online 10.00 Uhr bis 14.00 Uhr   \u20ac75,00  <br>Verabschiede das alte Jahr und \u00f6ffne Dich in den Segensenergien von Christus f\u00fcr ein sehr hohes Reinigungslicht, das Platz f\u00fcr Neues macht und Dich mit der besonderen Weihnachtsenergie von 2025 verbindet, in der Du die Sch\u00e4tze des Jahres f\u00fcr Dich einsammeln darfst und gut aufger\u00e4umt in die Adventszeit startest und bestm\u00f6glich f\u00fcr Neues bereit bist.<\/p>\n\n\n\n<div style=\"height:100px\" aria-hidden=\"true\" class=\"wp-block-spacer\"><\/div>\n\n\n\n<div style=\"height:100px\" aria-hidden=\"true\" class=\"wp-block-spacer\"><\/div>\n\n\n\n<div style=\"height:100px\" aria-hidden=\"true\" class=\"wp-block-spacer\"><\/div>\n\n\n\n<p class=\"has-text-align-center has-primary-color has-text-color has-poppins-font-family has-medium-font-size\" style=\"font-style:normal;font-weight:700\">Hier das Seminar-Programm als PDF herunterladen:<\/p>\n\n\n\n<div class=\"wp-block-buttons is-layout-flex wp-block-buttons-is-layout-flex\"><\/div>\n\n\n\n<div class=\"wp-block-file aligncenter has-background-background-color has-background has-link-color wp-elements-8cb1485c293d1f3c18acf7ff675bded5\"><a id=\"wp-block-file--media-7d196e3b-db14-4007-abf7-05ff7bd578d0\" href=\"https:\/\/engel-koenig.de\/wp-content\/uploads\/2025\/04\/Christa-Koenig-Engel-Lebensberatung-und-Mehr-Programm-2025-erstes-Halbjahr.pdf\" target=\"_blank\" rel=\"noreferrer noopener\">Christa-Koenig-Engel-Lebensberatung-und-Mehr-Programm-2025-erstes Halbjahr<\/a><\/div>\n\n\n\n<div style=\"height:30px\" aria-hidden=\"true\" class=\"wp-block-spacer\"><\/div>\n\n\n\n<p><\/p>\n\n\n\n<div style=\"height:100px\" aria-hidden=\"true\" class=\"wp-block-spacer\"><\/div>\n\n\n\n<p class=\"has-text-align-center has-primary-color has-text-color has-poppins-font-family has-medium-font-size\" style=\"font-style:normal;font-weight:800\">Hier Seminare buchen:<\/p>\n\n\n\n<div class=\"wp-block-buttons is-content-justification-center is-layout-flex wp-container-2 wp-block-buttons-is-layout-flex\">\n<div class=\"wp-block-button has-custom-width wp-block-button__width-50\"><a class=\"wp-block-button__link has-foreground-color has-primary-background-color has-text-color has-background wp-element-button\" href=\"https:\/\/engel-koenig.de\/?page_id=33\">Kontakt Aufnehmen &amp; SEMINAR Buchen<\/a><\/div>\n<\/div>\n","protected":false},"excerpt":{"rendered":"<p>Seminare \u2013 Potenzialerweiterung in gef\u00fchrten Meditationen In Tagesworkshops und Seminaren werden gezielt bestimmte Themen behandelt. Meditationen, Tagesworkshops und Seminare mit mehreren Teilnehmern sind nach Absprache m\u00f6glich. Begegne in einer gef\u00fchrten Meditation der Kraft der Engel, Deiner eigenen Kraft, h\u00f6chstschwingenden Energien, in denen sich in Dir Tore zum h\u00f6chsten Wohle \u00f6ffnen, Beschr\u00e4nkungen gewandelt werden, gef\u00fchlte unendliche [&hellip;]<\/p>\n","protected":false},"author":1,"featured_media":0,"parent":0,"menu_order":0,"comment_status":"closed","ping_status":"closed","template":"","meta":{"footnotes":""},"_links":{"self":[{"href":"https:\/\/engel-koenig.de\/index.php?rest_route=\/wp\/v2\/pages\/23"}],"collection":[{"href":"https:\/\/engel-koenig.de\/index.php?rest_route=\/wp\/v2\/pages"}],"about":[{"href":"https:\/\/engel-koenig.de\/index.php?rest_route=\/wp\/v2\/types\/page"}],"author":[{"embeddable":true,"href":"https:\/\/engel-koenig.de\/index.php?rest_route=\/wp\/v2\/users\/1"}],"replies":[{"embeddable":true,"href":"https:\/\/engel-koenig.de\/index.php?rest_route=%2Fwp%2Fv2%2Fcomments&post=23"}],"version-history":[{"count":16,"href":"https:\/\/engel-koenig.de\/index.php?rest_route=\/wp\/v2\/pages\/23\/revisions"}],"predecessor-version":[{"id":441,"href":"https:\/\/engel-koenig.de\/index.php?rest_route=\/wp\/v2\/pages\/23\/revisions\/441"}],"wp:attachment":[{"href":"https:\/\/engel-koenig.de\/index.php?rest_route=%2Fwp%2Fv2%2Fmedia&parent=23"}],"curies":[{"name":"wp","href":"https:\/\/api.w.org\/{rel}","templated":true}]}}