{"id":21,"date":"2023-10-10T12:30:39","date_gmt":"2023-10-10T12:30:39","guid":{"rendered":"https:\/\/engel-koenig.de\/?page_id=21"},"modified":"2024-03-11T18:34:42","modified_gmt":"2024-03-11T18:34:42","slug":"beratung-mit-hilfe-der-methode-des-thetareadings","status":"publish","type":"page","link":"https:\/\/engel-koenig.de\/?page_id=21","title":{"rendered":"Beratung mit Hilfe der Methode des Thetareadings"},"content":{"rendered":"\n<h1 class=\"wp-block-heading\">Beratung mit Hilfe der Methode des Thetareading (nach Franziska Winkler)<\/h1>\n\n\n\n<div style=\"height:30px\" aria-hidden=\"true\" class=\"wp-block-spacer\"><\/div>\n\n\n\n<p>Das Thetareading ist eine sehr kraftvolle Methode, wo im Thetazustand direkt in der h\u00f6chsten Quelle Dein h\u00f6chstes Wohl wieder hergestellt wird. Das Thetareading eignet sich, um zum Beispiel die folgenden Themen zu behandeln:<\/p>\n\n\n\n<div style=\"height:30px\" aria-hidden=\"true\" class=\"wp-block-spacer\"><\/div>\n\n\n\n<ul>\n<li>Wirbels\u00e4ulenbegradigung<\/li>\n\n\n\n<li>Glaubenss\u00e4tze aufl\u00f6sen<\/li>\n\n\n\n<li>Entfernen von Fremdenergien<\/li>\n\n\n\n<li>Seelenreading<\/li>\n\n\n\n<li>Giftstoffe ausleiten<\/li>\n\n\n\n<li>Chakren h\u00f6chstschwingend machen<\/li>\n\n\n\n<li>Energetische Angriffe entfernen<\/li>\n\n\n\n<li>Negative Verbindungen zwischen Personen l\u00f6sen<\/li>\n\n\n\n<li>K\u00f6rperschwingung erh\u00f6hen<\/li>\n\n\n\n<li>Schock, Traumata aufl\u00f6sen<\/li>\n\n\n\n<li>Karmische Verstrickungen l\u00f6sen<\/li>\n\n\n\n<li>\u00dcbernommene Belastungen aus der Ahnenreihe l\u00f6schen<\/li>\n\n\n\n<li>Aufl\u00f6sen mentaler und energetischer Blockaden<\/li>\n\n\n\n<li>Seelenintegration: Durch traumatische Erlebnisse kann es sein, dass die Seele nicht ganz im K\u00f6rper ist. Deshalb sagen manche Menschen, \u201cich stehe neben mir\u201d, \u201cich bin nie ganz da\u201d.<\/li>\n\n\n\n<li>L\u00f6schen von Viren und sch\u00e4dlichen Bakterien<\/li>\n\n\n\n<li>K\u00f6rperliche Beschwerden wandeln<\/li>\n<\/ul>\n\n\n\n<ul>\n<li>Reading mit einem Tier<\/li>\n\n\n\n<li>Jenseitskontakte<\/li>\n\n\n\n<li>Auff\u00fcllen mit Emotionen, die uns gefehlt haben, wie bedingungsloser Liebe, dem Gef\u00fchl besch\u00fctzt zu sein, Vertrauen, Schutz, Sicherheit<\/li>\n\n\n\n<li>u.v.m.<\/li>\n<\/ul>\n\n\n\n<div style=\"height:50px\" aria-hidden=\"true\" class=\"wp-block-spacer\"><\/div>\n\n\n\n<p class=\"has-text-align-center has-body-text-color has-primary-background-color has-text-color has-background has-poppins-font-family has-normal-font-size\" style=\"font-style:normal;font-weight:400\">Ich m\u00f6chte ausdr\u00fccklich darauf hinweisen, das Theta \u2013 wie auch meine anderen Angebote &#8211; ersetzt keinen Arzt und macht auch keine Heilversprechen.<\/p>\n\n\n\n<div style=\"height:50px\" aria-hidden=\"true\" class=\"wp-block-spacer\"><\/div>\n\n\n\n<p class=\"has-text-align-center has-primary-color has-text-color has-poppins-font-family has-big-font-size\" style=\"font-style:normal;font-weight:800\">Habe ich dein Interesse geweckt?<\/p>\n\n\n\n<div class=\"wp-block-buttons is-content-justification-center is-layout-flex wp-container-1 wp-block-buttons-is-layout-flex\">\n<div class=\"wp-block-button has-custom-width wp-block-button__width-50\"><a class=\"wp-block-button__link has-foreground-color has-primary-background-color has-text-color has-background wp-element-button\">Nimm Kontakt mit mir auf<\/a><\/div>\n<\/div>\n","protected":false},"excerpt":{"rendered":"<p>Beratung mit Hilfe der Methode des Thetareading (nach Franziska Winkler) Das Thetareading ist eine sehr kraftvolle Methode, wo im Thetazustand direkt in der h\u00f6chsten Quelle Dein h\u00f6chstes Wohl wieder hergestellt wird. Das Thetareading eignet sich, um zum Beispiel die folgenden Themen zu behandeln: Ich m\u00f6chte ausdr\u00fccklich darauf hinweisen, das Theta \u2013 wie auch meine anderen [&hellip;]<\/p>\n","protected":false},"author":1,"featured_media":0,"parent":0,"menu_order":0,"comment_status":"closed","ping_status":"closed","template":"","meta":{"footnotes":""},"_links":{"self":[{"href":"https:\/\/engel-koenig.de\/index.php?rest_route=\/wp\/v2\/pages\/21"}],"collection":[{"href":"https:\/\/engel-koenig.de\/index.php?rest_route=\/wp\/v2\/pages"}],"about":[{"href":"https:\/\/engel-koenig.de\/index.php?rest_route=\/wp\/v2\/types\/page"}],"author":[{"embeddable":true,"href":"https:\/\/engel-koenig.de\/index.php?rest_route=\/wp\/v2\/users\/1"}],"replies":[{"embeddable":true,"href":"https:\/\/engel-koenig.de\/index.php?rest_route=%2Fwp%2Fv2%2Fcomments&post=21"}],"version-history":[{"count":7,"href":"https:\/\/engel-koenig.de\/index.php?rest_route=\/wp\/v2\/pages\/21\/revisions"}],"predecessor-version":[{"id":389,"href":"https:\/\/engel-koenig.de\/index.php?rest_route=\/wp\/v2\/pages\/21\/revisions\/389"}],"wp:attachment":[{"href":"https:\/\/engel-koenig.de\/index.php?rest_route=%2Fwp%2Fv2%2Fmedia&parent=21"}],"curies":[{"name":"wp","href":"https:\/\/api.w.org\/{rel}","templated":true}]}}