{"id":19,"date":"2023-10-10T12:30:39","date_gmt":"2023-10-10T12:30:39","guid":{"rendered":"https:\/\/engel-koenig.de\/?page_id=19"},"modified":"2024-01-03T14:04:08","modified_gmt":"2024-01-03T14:04:08","slug":"intensives-coaching-mit-gefuehrten-meditationen","status":"publish","type":"page","link":"https:\/\/engel-koenig.de\/?page_id=19","title":{"rendered":"Intensives Coaching mit gef\u00fchrten Meditationen"},"content":{"rendered":"\n<h1 class=\"wp-block-heading\">Intensives Coaching mit gef\u00fchrten Meditationen<\/h1>\n\n\n\n<div style=\"height:50px\" aria-hidden=\"true\" class=\"wp-block-spacer\"><\/div>\n\n\n\n<h2 class=\"wp-block-heading\">Bereit f\u00fcr das n\u00e4chste Level in Dir?<\/h2>\n\n\n\n<p>Eine besondere Art der Einzelarbeit ist das Coaching mit der Geistigen Welt. Jeder Coaching-Tag geht \u00fcber f\u00fcnf Stunden. In diesen intensiven Stunden wirst Du \u00fcber gef\u00fchrte Mediationen, die auf Dich zugeschnitten sind, auf ein neues Level gehoben. Trau Dich! N\u00e4heres findest Du hier:<\/p>\n\n\n\n<p><\/p>\n\n\n\n<div style=\"height:30px\" aria-hidden=\"true\" class=\"wp-block-spacer\"><\/div>\n\n\n\n<div class=\"wp-block-file aligncenter has-primary-background-color has-background has-link-color wp-elements-834b4fb66d8a4a4e704e3c28548117e5\"><a id=\"wp-block-file--media-bb055153-035f-4fa3-b612-90bda63e0e69\" href=\"https:\/\/engel-koenig.de\/wp-content\/uploads\/2024\/01\/Christa-Koenig-Engel-Lebensberatung-und-Mehr-intensives-Engel-Coaching.pdf\" target=\"_blank\" rel=\"noreferrer noopener\">Christa-Koenig-Engel-Lebensberatung-und-Mehr-intensives-Engel-Coaching<\/a><\/div>\n\n\n\n<div style=\"height:30px\" aria-hidden=\"true\" class=\"wp-block-spacer\"><\/div>\n\n\n\n<p>F\u00fcr R\u00fcckfragen stehe ich gern zur Verf\u00fcgung.<\/p>\n\n\n\n<div style=\"height:50px\" aria-hidden=\"true\" class=\"wp-block-spacer\"><\/div>\n\n\n\n<figure class=\"wp-block-image aligncenter size-large\"><img decoding=\"async\" loading=\"lazy\" width=\"624\" height=\"1024\" src=\"https:\/\/engel-koenig.de\/wp-content\/uploads\/2023\/10\/Christa-Koenig-Meer-scaled-e1696956846135-624x1024.jpg\" alt=\"\" class=\"wp-image-102\" srcset=\"https:\/\/engel-koenig.de\/wp-content\/uploads\/2023\/10\/Christa-Koenig-Meer-scaled-e1696956846135-624x1024.jpg 624w, https:\/\/engel-koenig.de\/wp-content\/uploads\/2023\/10\/Christa-Koenig-Meer-scaled-e1696956846135-183x300.jpg 183w, https:\/\/engel-koenig.de\/wp-content\/uploads\/2023\/10\/Christa-Koenig-Meer-scaled-e1696956846135-768x1261.jpg 768w, https:\/\/engel-koenig.de\/wp-content\/uploads\/2023\/10\/Christa-Koenig-Meer-scaled-e1696956846135.jpg 904w\" sizes=\"(max-width: 624px) 100vw, 624px\" \/><\/figure>\n\n\n\n<div style=\"height:50px\" aria-hidden=\"true\" class=\"wp-block-spacer\"><\/div>\n\n\n\n<div class=\"wp-block-buttons is-layout-flex wp-block-buttons-is-layout-flex\">\n<div class=\"wp-block-button has-custom-width wp-block-button__width-100\"><a class=\"wp-block-button__link has-foreground-color has-primary-background-color has-text-color has-background wp-element-button\">jetzt Kontakt mit mir aufnehmen<\/a><\/div>\n<\/div>\n","protected":false},"excerpt":{"rendered":"<p>Intensives Coaching mit gef\u00fchrten Meditationen Bereit f\u00fcr das n\u00e4chste Level in Dir? Eine besondere Art der Einzelarbeit ist das Coaching mit der Geistigen Welt. Jeder Coaching-Tag geht \u00fcber f\u00fcnf Stunden. In diesen intensiven Stunden wirst Du \u00fcber gef\u00fchrte Mediationen, die auf Dich zugeschnitten sind, auf ein neues Level gehoben. Trau Dich! N\u00e4heres findest Du hier: [&hellip;]<\/p>\n","protected":false},"author":1,"featured_media":0,"parent":0,"menu_order":0,"comment_status":"closed","ping_status":"closed","template":"","meta":{"footnotes":""},"_links":{"self":[{"href":"https:\/\/engel-koenig.de\/index.php?rest_route=\/wp\/v2\/pages\/19"}],"collection":[{"href":"https:\/\/engel-koenig.de\/index.php?rest_route=\/wp\/v2\/pages"}],"about":[{"href":"https:\/\/engel-koenig.de\/index.php?rest_route=\/wp\/v2\/types\/page"}],"author":[{"embeddable":true,"href":"https:\/\/engel-koenig.de\/index.php?rest_route=\/wp\/v2\/users\/1"}],"replies":[{"embeddable":true,"href":"https:\/\/engel-koenig.de\/index.php?rest_route=%2Fwp%2Fv2%2Fcomments&post=19"}],"version-history":[{"count":11,"href":"https:\/\/engel-koenig.de\/index.php?rest_route=\/wp\/v2\/pages\/19\/revisions"}],"predecessor-version":[{"id":379,"href":"https:\/\/engel-koenig.de\/index.php?rest_route=\/wp\/v2\/pages\/19\/revisions\/379"}],"wp:attachment":[{"href":"https:\/\/engel-koenig.de\/index.php?rest_route=%2Fwp%2Fv2%2Fmedia&parent=19"}],"curies":[{"name":"wp","href":"https:\/\/api.w.org\/{rel}","templated":true}]}}