{"id":175,"date":"2023-10-14T11:16:01","date_gmt":"2023-10-14T11:16:01","guid":{"rendered":"https:\/\/engel-koenig.de\/?page_id=175"},"modified":"2023-10-21T08:01:31","modified_gmt":"2023-10-21T08:01:31","slug":"meine-arbeit","status":"publish","type":"page","link":"https:\/\/engel-koenig.de\/?page_id=175","title":{"rendered":"Meine Arbeit"},"content":{"rendered":"\n<div class=\"wp-block-cover alignfull is-light\"><span aria-hidden=\"true\" class=\"wp-block-cover__background has-background-dim-30 has-background-dim\"><\/span><img decoding=\"async\" loading=\"lazy\" width=\"2560\" height=\"777\" class=\"wp-block-cover__image-background wp-image-192\" alt=\"\" src=\"https:\/\/engel-koenig.de\/wp-content\/uploads\/2023\/10\/Wolken-02-scaled.jpg\" style=\"object-position:50% 54%\" data-object-fit=\"cover\" data-object-position=\"50% 54%\" srcset=\"https:\/\/engel-koenig.de\/wp-content\/uploads\/2023\/10\/Wolken-02-scaled.jpg 2560w, https:\/\/engel-koenig.de\/wp-content\/uploads\/2023\/10\/Wolken-02-300x91.jpg 300w, https:\/\/engel-koenig.de\/wp-content\/uploads\/2023\/10\/Wolken-02-1024x311.jpg 1024w, https:\/\/engel-koenig.de\/wp-content\/uploads\/2023\/10\/Wolken-02-768x233.jpg 768w, https:\/\/engel-koenig.de\/wp-content\/uploads\/2023\/10\/Wolken-02-1536x466.jpg 1536w, https:\/\/engel-koenig.de\/wp-content\/uploads\/2023\/10\/Wolken-02-2048x622.jpg 2048w\" sizes=\"(max-width: 2560px) 100vw, 2560px\" \/><div class=\"wp-block-cover__inner-container is-layout-constrained wp-block-cover-is-layout-constrained\">\n<p class=\"has-text-align-center has-background-color has-text-color has-poppins-font-family has-large-font-size\" style=\"font-style:normal;font-weight:700\">Sei der Diamant, der Du in Wahrheit bist und strahle!<\/p>\n<\/div><\/div>\n\n\n\n<div style=\"height:100px\" aria-hidden=\"true\" class=\"wp-block-spacer\"><\/div>\n\n\n\n<h1 class=\"wp-block-heading\">Mein Anliegen, ist es, Dich wieder in Dein eigenes Strahlen zu bringen<\/h1>\n\n\n\n<p><\/p>\n\n\n\n<p>Ich bin doch kein Diamant \u2013 oder doch?<br>Aus meiner Wahrnehmung bist Du etwas unendlich Sch\u00f6nes, Strahlendes. Du bist einzigartig sch\u00f6n! Mein Anliegen, ist es, Dich wieder in Dein eigenes Strahlen zu bringen. Ein gl\u00fcckliches Leben ist kein Zufall! Wir haben viele M\u00f6glichkeiten, unser Leben zu sch\u00f6pfen, grenzenlos. <\/p>\n\n\n\n<p>Und doch mag es sich noch gar nicht danach anf\u00fchlen. Kennst Du das:<br>Wieso begegnet mir das &#8211; wieder und wieder dasselbe?<\/p>\n\n\n\n<p>Hast Du Probleme mit Deinem Partner, Deinen Kindern, Deinen Eltern, Deinem Beruf, f\u00fchlst Du Dich in Dir selbst nicht wohl, f\u00fchlt es sich so an, als w\u00e4rest Du wie gefangen, fremdbestimmt, blockiert? Gibt es eine Sehnsucht nach einer bestimmten Entwicklung, die sich nicht einstellen m\u00f6chte? F\u00fchlst Du Dich, als w\u00e4re die Erde kein passender Ort f\u00fcr Dich? Steckst Du in einer Lebenskrise? Kannst Du Deinen Lebenssinn nicht f\u00fchlen? Bist Du verzweifelt? Gibt es Bereiche, in denen Dein Leben schon so verl\u00e4uft, dass Du Dich wohl f\u00fchlst und genauso andere, in denen sich das nicht einstellen m\u00f6chte? Steckst Du in \u00c4ngsten fest?<\/p>\n\n\n\n<p><\/p>\n\n\n\n<div style=\"height:30px\" aria-hidden=\"true\" class=\"wp-block-spacer\"><\/div>\n\n\n\n<h2 class=\"wp-block-heading\">Schritt f\u00fcr Schritt gehe ich mit Dir den Weg Deiner Heilung, Deines Wachstums<\/h2>\n\n\n\n<p>Ich habe eine wichtige Botschaft f\u00fcr Dich: Du kannst viel mehr als Du denkst, Dinge lassen sich wandeln, egal, ob Dich hartn\u00e4ckige Themen schon seit Deiner Kindheit begleiten, und Du alles aus eigener Kraft aufgewendet hast, um das zu \u00e4ndern, wom\u00f6glich vergeblich. Trau Dich, Hilfe in Anspruch zu nehmen, um Tore zu wahrhaftigem Wandel und Ver\u00e4nderung zu \u00f6ffnen, heile, werde ganz. Schritt f\u00fcr Schritt gehe ich mit Dir den Weg Deiner Heilung, Deines Wachstums.<\/p>\n\n\n\n<p>Kannst Du Lebenskrisen schon als Chance f\u00fcr Wachstum sehen? Bist Du mit dem Teil in Dir verbunden, dem es gut geht, der vollst\u00e4ndig ist?<\/p>\n\n\n\n<p>Die Liebe bringt alles zum Erbl\u00fchen \u2013 sie bringt alles zum Vorschein &#8211; in ihr steckt die Kraft zur wahren Heilung. Die Geistige Welt arbeitet mit der bedingungslosen Liebe, in der alles steckt, was wir brauchen, um uns zu erinnern, um Altes loszulassen, um Beschr\u00e4nkendes hinter uns zu lassen, um wahrhaft das zu werden, was wir sind, und um in die F\u00fclle zu kommen.<\/p>\n\n\n\n<div style=\"height:30px\" aria-hidden=\"true\" class=\"wp-block-spacer\"><\/div>\n\n\n\n<h2 class=\"wp-block-heading\">Mit Hilfe von Engeln, der Geistigen Welt, im Theta begleite ich Dich in Dein ganzheitliches Potenzial und Du erkennst wieder den Diamanten in Dir, strahlend sch\u00f6n!<\/h2>\n\n\n\n<p>Mit meiner Arbeit m\u00f6chte ich all jene Menschen begleiten, die Lebenskrisen schon als Chance f\u00fcr Wachstum verstehen und sich nach Ganzheit sehnen. Ich m\u00f6chte auch all jene Menschen einen neuen Blick lehren, die das bisher so noch nicht sehen k\u00f6nnen. Und ich m\u00f6chte besonders auch all jene Menschen begleiten, die weiterwachsen m\u00f6chten, ihr Sch\u00f6pferpotenzial kennen und umsetzen m\u00f6chten, in die Manifestation auf h\u00f6chstm\u00f6glicher Ebene gehen m\u00f6chten. Alles ist m\u00f6glich!<\/p>\n\n\n\n<p><\/p>\n\n\n\n<p>Die Geistige Welt steht mit ihrer Liebe zur Verf\u00fcgung, uns ganz in unser Herz zu f\u00fchren und unser Wachstum zu f\u00f6rdern, sodass wir befreit unser Potenzial leben k\u00f6nnen.<br>F\u00fchlst Du die Sehnsucht in Dir, endlich auf Erden in der h\u00f6chsten Schwingung befreit und voller Zuversicht und Zutrauen in Dich selbst, die unendlichen M\u00f6glichkeiten zu nutzen, die f\u00fcr Dich parat stehen?<br>Ist Dein Leben eines, wo Du mit R\u00fcckenwind unterwegs bist?<br>F\u00fchlst Du Dich so, als wenn Du Deinen Herzensweg gehst?<br>Falls nicht, bin ich an Deiner Seite, um genau daran zu arbeiten.<br>Falls doch, bin ich an Deiner Seite, um die Horizonte noch viel mehr zu \u00f6ffnen, als Du es Dir zu tr\u00e4umen gewagt hast und den strahlenden Diamanten, der Du bist, wieder zum Vorschein zu bringen und ins Strahlen zu bringen.<\/p>\n\n\n\n<div style=\"height:50px\" aria-hidden=\"true\" class=\"wp-block-spacer\"><\/div>\n\n\n\n<p><\/p>\n\n\n\n<p>Mit lichtvollen Gr\u00fc\u00dfen,<br>Namaste!<br>Christa<\/p>\n\n\n\n<p><\/p>\n\n\n\n<div style=\"height:20px\" aria-hidden=\"true\" class=\"wp-block-spacer\"><\/div>\n\n\n\n<p class=\"has-primary-color has-background-background-color has-text-color has-background has-poppins-font-family has-big-font-size\" style=\"font-style:normal;font-weight:800;line-height:1.4\">Folge Deinem Herzen &#8211; Sei mutig \u2013 ruf an zu einer ersten kostenfreien Kontaktaufnahme f\u00fcr ein 15- min\u00fctiges Erstgespr\u00e4ch: 0221 430 82 724.<\/p>\n\n\n\n<div style=\"height:50px\" aria-hidden=\"true\" class=\"wp-block-spacer\"><\/div>\n\n\n\n<div class=\"wp-block-columns is-layout-flex wp-container-6 wp-block-columns-is-layout-flex\">\n<div class=\"wp-block-column is-layout-flow wp-block-column-is-layout-flow\">\n<div class=\"wp-block-buttons is-content-justification-center is-layout-flex wp-container-2 wp-block-buttons-is-layout-flex\">\n<div class=\"wp-block-button has-custom-width wp-block-button__width-100\" style=\"text-transform:uppercase\"><a class=\"wp-block-button__link has-foreground-color has-primary-background-color has-text-color has-background wp-element-button\" href=\"https:\/\/engel-koenig.de\/?page_id=11\">in meinen Angeboten st\u00f6bern<\/a><\/div>\n<\/div>\n<\/div>\n\n\n\n<div class=\"wp-block-column is-layout-flow wp-block-column-is-layout-flow\">\n<div class=\"wp-block-buttons is-content-justification-center is-layout-flex wp-container-4 wp-block-buttons-is-layout-flex\">\n<div class=\"wp-block-button has-custom-width wp-block-button__width-100\" style=\"text-transform:uppercase\"><a class=\"wp-block-button__link has-foreground-color has-primary-background-color has-text-color has-background wp-element-button\" href=\"https:\/\/engel-koenig.de\/?page_id=9\">lerne mich kennen<\/a><\/div>\n<\/div>\n<\/div>\n<\/div>\n\n\n\n<div style=\"height:50px\" aria-hidden=\"true\" class=\"wp-block-spacer\"><\/div>\n\n\n\n<p>Hinweis: Die hier verwendeten Begriffe \u2013 auch Engel, Geistige Welt, Sch\u00f6pfer, Thetareading, h\u00f6chste g\u00f6ttliche Ordnung \u2013 sind keiner Religion und keiner Organisation verpflichtet, <a href=\"https:\/\/engel-koenig.de\/?page_id=338\" data-type=\"page\" data-id=\"338\">mehr &#8230;<\/a><\/p>\n","protected":false},"excerpt":{"rendered":"<p>Mein Anliegen, ist es, Dich wieder in Dein eigenes Strahlen zu bringen Ich bin doch kein Diamant \u2013 oder doch?Aus meiner Wahrnehmung bist Du etwas unendlich Sch\u00f6nes, Strahlendes. Du bist einzigartig sch\u00f6n! Mein Anliegen, ist es, Dich wieder in Dein eigenes Strahlen zu bringen. Ein gl\u00fcckliches Leben ist kein Zufall! Wir haben viele M\u00f6glichkeiten, unser [&hellip;]<\/p>\n","protected":false},"author":1,"featured_media":0,"parent":0,"menu_order":0,"comment_status":"closed","ping_status":"closed","template":"","meta":{"footnotes":""},"_links":{"self":[{"href":"https:\/\/engel-koenig.de\/index.php?rest_route=\/wp\/v2\/pages\/175"}],"collection":[{"href":"https:\/\/engel-koenig.de\/index.php?rest_route=\/wp\/v2\/pages"}],"about":[{"href":"https:\/\/engel-koenig.de\/index.php?rest_route=\/wp\/v2\/types\/page"}],"author":[{"embeddable":true,"href":"https:\/\/engel-koenig.de\/index.php?rest_route=\/wp\/v2\/users\/1"}],"replies":[{"embeddable":true,"href":"https:\/\/engel-koenig.de\/index.php?rest_route=%2Fwp%2Fv2%2Fcomments&post=175"}],"version-history":[{"count":23,"href":"https:\/\/engel-koenig.de\/index.php?rest_route=\/wp\/v2\/pages\/175\/revisions"}],"predecessor-version":[{"id":343,"href":"https:\/\/engel-koenig.de\/index.php?rest_route=\/wp\/v2\/pages\/175\/revisions\/343"}],"wp:attachment":[{"href":"https:\/\/engel-koenig.de\/index.php?rest_route=%2Fwp%2Fv2%2Fmedia&parent=175"}],"curies":[{"name":"wp","href":"https:\/\/api.w.org\/{rel}","templated":true}]}}