{"id":17,"date":"2023-10-10T12:30:39","date_gmt":"2023-10-10T12:30:39","guid":{"rendered":"https:\/\/engel-koenig.de\/?page_id=17"},"modified":"2023-10-21T10:06:54","modified_gmt":"2023-10-21T10:06:54","slug":"einzelsitzung-beratung-mit-hilfe-der-geistigen-welt","status":"publish","type":"page","link":"https:\/\/engel-koenig.de\/?page_id=17","title":{"rendered":"Einzelsitzung &#8211; Beratung mit Hilfe der Geistigen Welt"},"content":{"rendered":"\n<h1 class=\"wp-block-heading\">Einzelsitzung \u2013 Beratung mit Hilfe der Geistigen Welt<\/h1>\n\n\n\n<div style=\"height:50px\" aria-hidden=\"true\" class=\"wp-block-spacer\"><\/div>\n\n\n\n<h2 class=\"wp-block-heading\">Auf Dich zugeschnitten f\u00fcr Deine Probleme, Herausforderungen, konkreten W\u00fcnsche und Bed\u00fcrfnisse, f\u00fcr Dein Wachstum<\/h2>\n\n\n\n<p>Kennst Du das? Du hattest Tr\u00e4ume, hast Visionen gehabt, vielleicht in Deiner Kindheit von Gro\u00dfem getr\u00e4umt und auf einmal schaust Du Dich um in Deinem Leben und f\u00fchlst Dich wie beschnitten, steckst wie fest, Deine Tr\u00e4ume kannst Du kaum noch greifen. Das Leben f\u00fchlt sich schwer an. Was ist passiert?<\/p>\n\n\n\n<p>Ich kann Dir helfen, dass Du wieder an das herankommst, was Du getr\u00e4umt hast, was darauf wartet, gelebt zu werden.<\/p>\n\n\n\n<p>Du willst etwas \u00e4ndern, komm zur Einzelberatung, wo wir in der f\u00fcr Dich passenden Form nach einzelnen Themen schauen und sie in Wandel bringen mit der Geistigen Welt,<\/p>\n\n\n\n<p>ich freue mich auf Dich!<\/p>\n\n\n\n<div style=\"height:50px\" aria-hidden=\"true\" class=\"wp-block-spacer\"><\/div>\n\n\n\n<h2 class=\"wp-block-heading\">Wenn Du nix \u00e4nderst, \u00e4ndert sich nix.<\/h2>\n\n\n\n<p>Wo immer Du in Deinem Leben im Augenblick stehst, ich reiche Dir eine Hand und schaue mit Dir nach dem n\u00e4chsten Schritt. Schwelgst Du schon in Freude und Leichtigkeit, f\u00fchlst Du Dich wohl in Deiner Haut, bist Du gef\u00fchlt gl\u00fccklich mit dem, was Dich umgibt, kannst Du Dich selbst so annehmen, wie Du bist? Schl\u00e4fst Du gut? F\u00fchlst Du Dich sicher auf der Erde? &#8211; Das Leben auf der Erde bleibt f\u00fcr uns alle herausfordernd und doch, wenn wir einige Dinge gewandelt haben, einiges verstanden haben, neue Perspektiven einnehmen, kann das der Anfang zum Wandel f\u00fcr alles sein und auch f\u00fcr eine neue Form der Gl\u00fcckseligkeit. Trau Dich, wenn Du nix \u00e4nderst, \u00e4ndert sich nix. \u2013 Hilfe anzunehmen ist eine gute Idee, es ist die Hilfe, die in Dir T\u00fcren \u00f6ffnet, Dinge, wieder in einen Flow bringt und Dich dadurch neu erleben l\u00e4sst.<\/p>\n\n\n\n<p>Die Geistige Welt vermag uns mit Zuversicht, Hoffnung zu verbinden in Arealen, wo wir das vergessen hatten; eine neue Kraft wird pr\u00e4sent, eine Weite in Bereichen, wo das vorher nicht m\u00f6glich schien. Vielleicht besteht der erste Schritt auch darin, ein tieferes Verst\u00e4ndnis f\u00fcr Umst\u00e4nde zu haben, die wirklich als Ursache f\u00fcr unsere Einschr\u00e4nkungen verantwortlich sind. Auch Bewusstheit, Wissen, ist oft ein erster Schritt der L\u00f6sung. Und das Annehmen von dem, wie es gerade ist.<\/p>\n\n\n\n<div style=\"height:50px\" aria-hidden=\"true\" class=\"wp-block-spacer\"><\/div>\n\n\n\n<h2 class=\"wp-block-heading\">Themenaufarbeitung mit Hilfe der geistigen Welt <\/h2>\n\n\n\n<p>In Einzelsitzungen biete ich Dir an, mit Hilfe der Geistigen Welt und h\u00f6chstschwingenden Energien, Engeln, aufgestiegenen Meistern, sowie der h\u00f6chsten Quelle z.B. die folgenden Themen zu bearbeiten:<\/p>\n\n\n\n<ul>\n<li>Bewusstmachen und L\u00f6sen von Ursachen f\u00fcr Krisen, Schmerzen, Krankheiten, beengenden Verhaltensmustern<\/li>\n\n\n\n<li>Energiearbeit zur Unterst\u00fctzung von seelischen und k\u00f6rperlichen Heilprozessen<\/li>\n\n\n\n<li>L\u00f6sen von Blockaden<\/li>\n\n\n\n<li>L\u00f6sen von wiederkehrenden beengenden Mustern<\/li>\n\n\n\n<li>Krisenbew\u00e4ltigung<\/li>\n\n\n\n<li>Lebenskrisen<\/li>\n\n\n\n<li>Trennungsbew\u00e4ltigung<\/li>\n\n\n\n<li>Trauerarbeit<\/li>\n\n\n\n<li>L\u00f6sen von karmischen Verstrickungen<\/li>\n\n\n\n<li>Jenseitskontakte<\/li>\n\n\n\n<li>Fragen nach dem Lebenssinn<\/li>\n\n\n\n<li>Wer bin ich wirklich?<\/li>\n\n\n\n<li>Was ist meine Sch\u00f6pferkraft?<\/li>\n\n\n\n<li>u.v.m.<\/li>\n<\/ul>\n\n\n\n<div style=\"height:50px\" aria-hidden=\"true\" class=\"wp-block-spacer\"><\/div>\n\n\n\n<p class=\"has-text-align-center has-border-color has-text-color has-poppins-font-family has-big-font-size\" style=\"font-style:normal;font-weight:800;line-height:1.3\">Einzelbehandlungen sind pers\u00f6nlich vor Ort, telefonisch wie auch online m\u00f6glich.<\/p>\n\n\n\n<div style=\"height:50px\" aria-hidden=\"true\" class=\"wp-block-spacer\"><\/div>\n\n\n\n<h2 class=\"wp-block-heading\">Mein Honorar<\/h2>\n\n\n\n<p>F\u00fcr eine Einzelsitzung (60 min) berechne ich das Honorar von \u20ac 100,00.<\/p>\n\n\n\n<p>F\u00fcr eine Doppelsitzung (120 min) berechne ich das Honorar von \u20ac 160,00.<\/p>\n\n\n\n<div style=\"height:50px\" aria-hidden=\"true\" class=\"wp-block-spacer\"><\/div>\n\n\n\n<div class=\"wp-block-buttons is-content-justification-center is-layout-flex wp-container-1 wp-block-buttons-is-layout-flex\">\n<div class=\"wp-block-button has-custom-width wp-block-button__width-100\"><a class=\"wp-block-button__link has-foreground-color has-primary-background-color has-text-color has-background wp-element-button\" href=\"https:\/\/engel-koenig.de\/?page_id=33\" style=\"border-style:none;border-width:0px\">Nimm mit mir Kontakt auf<\/a><\/div>\n<\/div>\n","protected":false},"excerpt":{"rendered":"<p>Einzelsitzung \u2013 Beratung mit Hilfe der Geistigen Welt Auf Dich zugeschnitten f\u00fcr Deine Probleme, Herausforderungen, konkreten W\u00fcnsche und Bed\u00fcrfnisse, f\u00fcr Dein Wachstum Kennst Du das? Du hattest Tr\u00e4ume, hast Visionen gehabt, vielleicht in Deiner Kindheit von Gro\u00dfem getr\u00e4umt und auf einmal schaust Du Dich um in Deinem Leben und f\u00fchlst Dich wie beschnitten, steckst wie [&hellip;]<\/p>\n","protected":false},"author":1,"featured_media":0,"parent":0,"menu_order":0,"comment_status":"closed","ping_status":"closed","template":"","meta":{"footnotes":""},"_links":{"self":[{"href":"https:\/\/engel-koenig.de\/index.php?rest_route=\/wp\/v2\/pages\/17"}],"collection":[{"href":"https:\/\/engel-koenig.de\/index.php?rest_route=\/wp\/v2\/pages"}],"about":[{"href":"https:\/\/engel-koenig.de\/index.php?rest_route=\/wp\/v2\/types\/page"}],"author":[{"embeddable":true,"href":"https:\/\/engel-koenig.de\/index.php?rest_route=\/wp\/v2\/users\/1"}],"replies":[{"embeddable":true,"href":"https:\/\/engel-koenig.de\/index.php?rest_route=%2Fwp%2Fv2%2Fcomments&post=17"}],"version-history":[{"count":6,"href":"https:\/\/engel-koenig.de\/index.php?rest_route=\/wp\/v2\/pages\/17\/revisions"}],"predecessor-version":[{"id":366,"href":"https:\/\/engel-koenig.de\/index.php?rest_route=\/wp\/v2\/pages\/17\/revisions\/366"}],"wp:attachment":[{"href":"https:\/\/engel-koenig.de\/index.php?rest_route=%2Fwp%2Fv2%2Fmedia&parent=17"}],"curies":[{"name":"wp","href":"https:\/\/api.w.org\/{rel}","templated":true}]}}